{"id":690,"date":"2022-11-19T09:54:19","date_gmt":"2022-11-19T09:54:19","guid":{"rendered":"https:\/\/kita-pondorf.de\/?page_id=690"},"modified":"2026-03-10T08:28:54","modified_gmt":"2026-03-10T08:28:54","slug":"inklusion","status":"publish","type":"page","link":"https:\/\/kita-pondorf.de\/?page_id=690","title":{"rendered":"Inklusion"},"content":{"rendered":"\n<blockquote class=\"wp-block-quote has-text-align-right has-white-background-color has-text-color has-background is-layout-flow wp-block-quote-is-layout-flow\" style=\"color:#d64e92;font-style:italic;font-weight:600\">\n<p class=\"has-text-align-right has-text-color\" style=\"color:#f40000\">&#8222;Ankommen &#8211; T\u00fcren \u00f6ffnen.<\/p>\n\n\n\n<p class=\"has-text-align-right has-text-color\" style=\"color:#f28400\">Eintreten und erfahren, dass es Raum gibt f\u00fcr jede Hand.<\/p>\n\n\n\n<p class=\"has-text-align-right has-text-color\" style=\"color:#15fe00\">Gemeinschaft erleben in der F\u00fclle der Verschiedenheit.<\/p>\n\n\n\n<p class=\"has-text-align-right has-text-color\" style=\"color:#00d1fb\">Ich darf sein, wie ich bin.<\/p>\n\n\n\n<p class=\"has-text-align-right has-text-color\" style=\"color:#220eee\">Sp\u00fcren, dass Vielf\u00e4ltigkeit neues Wachstum erm\u00f6glicht. <\/p>\n\n\n\n<p class=\"has-text-align-right has-text-color\" style=\"color:#7b12f4\">Ankommen &#8211; T\u00fcren \u00f6ffnen.&#8220;<\/p>\n<cite>Verfasser &#8211; Unbekannt<\/cite><\/blockquote>\n\n\n\n<div style=\"color:#ddd\" class=\"wp-block-genesis-blocks-gb-spacer gb-block-spacer gb-divider-solid gb-divider-size-1\"><hr style=\"height:72px\"\/><\/div>\n\n\n\n<p class=\"has-text-align-center\"><strong>Inklusion in unserem Kindergarten &#8211; Vielfalt als Chance begreifen<\/strong><\/p>\n\n\n\n<p class=\"has-text-align-center\">Inklusion bedeutet f\u00fcr uns, die Individualit\u00e4t und Einzigartigkeit jedes einzelnen Kindes wertzusch\u00e4tzen und anzuerkennen.<\/p>\n\n\n\n<p class=\"has-text-align-center\">Unser Ziel ist es, allen Kindern eine uneingeschr\u00e4nkte Teilhabe am Kindergartenalltag zu erm\u00f6glichen \u2013 unabh\u00e4ngig von k\u00f6rperlichen, geistigen oder sozialen Voraussetzungen.<\/p>\n\n\n\n<p class=\"has-text-align-center\">Wir verfolgen eine P\u00e4dagogik, die sich am individuellen Bedarf jedes Kindes orientiert. <\/p>\n\n\n\n<p class=\"has-text-align-center\">Dabei schaffen wir Rahmenbedingungen, die Vielfalt erm\u00f6glichen, Begegnung f\u00f6rdern und gemeinsames Lernen unterst\u00fctzen.<\/p>\n\n\n\n<p class=\"has-text-align-center\">Ob Kinder mit oder ohne Behinderung, aus unterschiedlichen Kulturkreisen, sozialen Lebenswelten oder mit verschiedenen religi\u00f6sen Hintergr\u00fcnden \u2013 wir m\u00f6chten ein Umfeld gestalten, in dem alle voneinander lernen und miteinander leben k\u00f6nnen.<\/p>\n\n\n\n<p class=\"has-text-align-center\"><\/p>\n\n\n\n<p class=\"has-text-align-center\"><\/p>\n\n\n\n<div style=\"color:#ddd\" class=\"wp-block-genesis-blocks-gb-spacer gb-block-spacer gb-divider-solid gb-divider-size-1\"><hr style=\"height:99px\"\/><\/div>\n\n\n\n<h2 class=\"wp-block-heading has-text-align-center\"><\/h2>\n\n\n\n<p class=\"has-text-align-center\"><strong>Unsere Haltung zur Inklusion<\/strong> <\/p>\n\n\n\n<p class=\"has-text-align-center\">&#x2665; <strong>Jedes Kind ist ein Wunder.<\/strong> Es geh\u00f6rt immer und \u00fcberall dazu \u2013 ohne Ausnahme.<\/p>\n\n\n\n<p class=\"has-text-align-center\">&#x2665; <strong>Wir nehmen jedes Kind so an, wie es ist<\/strong> \u2013 mit all seinen St\u00e4rken und Bed\u00fcrfnissen und begegnen ihm mit Wertsch\u00e4tzung und Respekt.<\/p>\n\n\n\n<p class=\"has-text-align-center\">&#x2665; <strong>Wir achten auf die besonderen Bed\u00fcrfnisse aller Kinder<\/strong> und passen unsere Angebote entsprechend an.<\/p>\n\n\n\n<p class=\"has-text-align-center\">&#x2665; <strong>Wir f\u00f6rdern gezielt die St\u00e4rken der Kinder<\/strong>, sodass sie durch Erfolgserlebnisse wachsen und Vertrauen in sich selbst entwickeln k\u00f6nnen.<\/p>\n\n\n\n<p class=\"has-text-align-center\">&#x2665; <strong>Wir gestalten eine anregende Umgebung<\/strong>, die zum Spielen, Lernen, Bewegen, Entdecken und Forschen einl\u00e4dt.<\/p>\n\n\n\n<p class=\"has-text-align-center\">&#x2665; <strong>Zum Wohl des Kindes arbeiten wir eng mit Eltern, Therapeuten, Fr\u00fchf\u00f6rderstelle, \u00c4rzten und Schulen zusammen.<\/strong><\/p>\n\n\n\n<p class=\"has-text-align-center\">&#x2665; <strong>Wir holen die Eltern mit ins Boot,<\/strong> denn nur gemeinsam k\u00f6nnen wir das Beste f\u00fcr jedes Kind erreichen.<\/p>\n\n\n\n<p class=\"has-text-align-center\">&#x2665; <strong>Regelm\u00e4\u00dfige Entwicklungsgespr\u00e4che, sowie offene T\u00fcr- und Angelgespr\u00e4che<\/strong> bilden die Basis f\u00fcr eine vertrauensvolle und partnerschaftliche Zusammenarbeit mit den Familien.<\/p>\n\n\n\n<p class=\"has-text-align-center\"><\/p>\n\n\n\n<div style=\"color:#ddd\" class=\"wp-block-genesis-blocks-gb-spacer gb-block-spacer gb-divider-solid gb-divider-size-1\"><hr style=\"height:43px\"\/><\/div>\n\n\n\n<p class=\"has-text-align-center\"><strong>Vielfalt wird bei uns nicht nur toleriert, sondern als wertvolle Ressource aktiv gelebt und erlebbar gemacht.<\/strong><\/p>\n","protected":false},"excerpt":{"rendered":"<p>&#8222;Ankommen &#8211; T\u00fcren \u00f6ffnen. Eintreten und erfahren, dass es Raum gibt f\u00fcr jede Hand. Gemeinschaft erleben in der F\u00fclle der Verschiedenheit. Ich darf sein, wie ich bin. Sp\u00fcren, dass Vielf\u00e4ltigkeit neues Wachstum erm\u00f6glicht. Ankommen &#8211; T\u00fcren \u00f6ffnen.&#8220; Verfasser &#8211; Unbekannt Inklusion in unserem Kindergarten &#8211; Vielfalt als Chance begreifen Inklusion bedeutet f\u00fcr uns, die Individualit\u00e4t [&hellip;]<\/p>\n","protected":false},"author":4,"featured_media":695,"parent":1398,"menu_order":0,"comment_status":"closed","ping_status":"closed","template":"","meta":{"footnotes":""},"class_list":["post-690","page","type-page","status-publish","has-post-thumbnail","hentry"],"featured_image_src":"https:\/\/kita-pondorf.de\/wp-content\/uploads\/2022\/11\/alexas_fotos-x1CLah6pv6g-unsplash-600x400.jpg","featured_image_src_square":"https:\/\/kita-pondorf.de\/wp-content\/uploads\/2022\/11\/alexas_fotos-x1CLah6pv6g-unsplash-600x600.jpg","_links":{"self":[{"href":"https:\/\/kita-pondorf.de\/index.php?rest_route=\/wp\/v2\/pages\/690","targetHints":{"allow":["GET"]}}],"collection":[{"href":"https:\/\/kita-pondorf.de\/index.php?rest_route=\/wp\/v2\/pages"}],"about":[{"href":"https:\/\/kita-pondorf.de\/index.php?rest_route=\/wp\/v2\/types\/page"}],"author":[{"embeddable":true,"href":"https:\/\/kita-pondorf.de\/index.php?rest_route=\/wp\/v2\/users\/4"}],"replies":[{"embeddable":true,"href":"https:\/\/kita-pondorf.de\/index.php?rest_route=%2Fwp%2Fv2%2Fcomments&post=690"}],"version-history":[{"count":9,"href":"https:\/\/kita-pondorf.de\/index.php?rest_route=\/wp\/v2\/pages\/690\/revisions"}],"predecessor-version":[{"id":1442,"href":"https:\/\/kita-pondorf.de\/index.php?rest_route=\/wp\/v2\/pages\/690\/revisions\/1442"}],"up":[{"embeddable":true,"href":"https:\/\/kita-pondorf.de\/index.php?rest_route=\/wp\/v2\/pages\/1398"}],"wp:featuredmedia":[{"embeddable":true,"href":"https:\/\/kita-pondorf.de\/index.php?rest_route=\/wp\/v2\/media\/695"}],"wp:attachment":[{"href":"https:\/\/kita-pondorf.de\/index.php?rest_route=%2Fwp%2Fv2%2Fmedia&parent=690"}],"curies":[{"name":"wp","href":"https:\/\/api.w.org\/{rel}","templated":true}]}}