{"id":6,"date":"2019-04-26T08:29:58","date_gmt":"2019-04-26T08:29:58","guid":{"rendered":"http:\/\/kita-pondorf.de\/?page_id=6"},"modified":"2025-09-15T10:08:20","modified_gmt":"2025-09-15T10:08:20","slug":"kindertagesstaette-st-nikolaus","status":"publish","type":"page","link":"https:\/\/kita-pondorf.de\/","title":{"rendered":"\u00dcber Uns"},"content":{"rendered":"\n<p class=\"has-text-align-center has-normal-font-size\"> <br><strong>Wo Ihre Kleinsten die Gr\u00f6\u00dften sind, da ist die Kita DonauKids in Pondorf <\/strong><\/p>\n\n\n\n<div class=\"wp-block-columns is-layout-flex wp-container-core-columns-is-layout-9d6595d7 wp-block-columns-is-layout-flex\">\n<div class=\"wp-block-column is-layout-flow wp-block-column-is-layout-flow\" style=\"flex-basis:100%\"><div class=\"wp-block-image is-style-default\">\n<figure class=\"aligncenter size-medium\"><img loading=\"lazy\" decoding=\"async\" width=\"300\" height=\"300\" src=\"https:\/\/kita-pondorf.de\/wp-content\/uploads\/2021\/10\/Logo-Kita-Pondorf_FINAL-92-dpi-300x300.png\" alt=\"\" class=\"wp-image-415\" srcset=\"https:\/\/kita-pondorf.de\/wp-content\/uploads\/2021\/10\/Logo-Kita-Pondorf_FINAL-92-dpi-300x300.png 300w, https:\/\/kita-pondorf.de\/wp-content\/uploads\/2021\/10\/Logo-Kita-Pondorf_FINAL-92-dpi-150x150.png 150w, https:\/\/kita-pondorf.de\/wp-content\/uploads\/2021\/10\/Logo-Kita-Pondorf_FINAL-92-dpi-768x768.png 768w, https:\/\/kita-pondorf.de\/wp-content\/uploads\/2021\/10\/Logo-Kita-Pondorf_FINAL-92-dpi-600x600.png 600w, https:\/\/kita-pondorf.de\/wp-content\/uploads\/2021\/10\/Logo-Kita-Pondorf_FINAL-92-dpi-700x700.png 700w, https:\/\/kita-pondorf.de\/wp-content\/uploads\/2021\/10\/Logo-Kita-Pondorf_FINAL-92-dpi.png 906w\" sizes=\"auto, (max-width: 300px) 100vw, 300px\" \/><\/figure>\n<\/div><\/div>\n<\/div>\n\n\n\n<p class=\"has-text-align-center\"><strong>Herzlich willkommen bei den DonauKids!<\/strong><\/p>\n\n\n\n<p class=\"has-text-align-center\"><br>Wir freuen uns sehr, dass wir Ihr Interesse an unserer Kindertagesst\u00e4tte geweckt haben.<\/p>\n\n\n\n<p class=\"has-text-align-center\">Auf den folgenden Seiten m\u00f6chten wir Ihnen einen Einblick in unsere Einrichtung, <\/p>\n\n\n\n<p class=\"has-text-align-center\">unsere p\u00e4dagogische Arbeit und das t\u00e4gliche Miteinander geben.<\/p>\n\n\n\n<p class=\"has-text-align-center\">Die Kindertagesst\u00e4tte <strong>DonauKids<\/strong> befindet sich im idyllischen Dorf <strong>Pondorf<\/strong>, direkt an der Donau, in der Gemeinde <strong>Kirchroth<\/strong>. <\/p>\n\n\n\n<p class=\"has-text-align-center\">Inmitten einer naturnahen Umgebung bieten wir Kindern Raum zum Wachsen, Entdecken und Wohlf\u00fchlen.<\/p>\n\n\n\n<p class=\"has-text-align-center\"><\/p>\n\n\n<div class=\"wp-block-image is-style-rounded\">\n<figure class=\"aligncenter size-full\"><img loading=\"lazy\" decoding=\"async\" width=\"640\" height=\"360\" src=\"https:\/\/kita-pondorf.de\/wp-content\/uploads\/2024\/12\/Luftaufnahme-Pondorf-mit-Kiga.jpg\" alt=\"\" class=\"wp-image-1151\" srcset=\"https:\/\/kita-pondorf.de\/wp-content\/uploads\/2024\/12\/Luftaufnahme-Pondorf-mit-Kiga.jpg 640w, https:\/\/kita-pondorf.de\/wp-content\/uploads\/2024\/12\/Luftaufnahme-Pondorf-mit-Kiga-300x169.jpg 300w\" sizes=\"auto, (max-width: 640px) 100vw, 640px\" \/><figcaption class=\"wp-element-caption\">Ortschaft Pondorf &#8211; Gemeinde Kirchroth <\/figcaption><\/figure>\n<\/div>\n\n\n<div style=\"color:#ddd\" class=\"wp-block-genesis-blocks-gb-spacer gb-block-spacer gb-divider-solid gb-divider-size-1\"><hr style=\"height:94px\"\/><\/div>\n\n\n\n<p class=\"has-text-align-center\"><strong>Unsere Kita \u2013 ein Ort der Geborgenheit und des gemeinsamen Aufbruchs<\/strong><\/p>\n\n\n\n<p class=\"has-text-align-center\">Unsere Kindertagesst\u00e4tte ist ein Ort, an dem sich Kinder sicher, willkommen und angenommen f\u00fchlen d\u00fcrfen \u2013 ein Ort der Geborgenheit.<\/p>\n\n\n\n<p class=\"has-text-align-center\">Wir verstehen uns als Crew in einem gemeinsamen Boot und laden Sie herzlich ein, mit uns die Segel zu setzen. <\/p>\n\n\n\n<p class=\"has-text-align-center\">Mit Fachwissen, Erfahrung und viel Herz steuern wir unser Schiff zusammen durch die Kindergartenzeit.<\/p>\n\n\n\n<p class=\"has-text-align-center\">Unsere gemeinsame Reise ist gepr\u00e4gt von Akzeptanz, Offenheit und dem Ziel, jedem Kind Raum f\u00fcr seine individuelle Entwicklung zu geben. <\/p>\n\n\n\n<p class=\"has-text-align-center\">Dabei \u00fcbernimmt und vermittelt jedes Teammitglied Verantwortung, im Bewusstsein um die Einzigartigkeit und den Wert unserer kleinen \u201ePassagiere\u201c.<\/p>\n\n\n\n<p class=\"has-text-align-center\">Ein besonderes Highlight unserer Einrichtung ist der gro\u00dfz\u00fcgige Garten, der die Kinder t\u00e4glich zum Spielen, Lernen, Entdecken und ausgelassenen Toben einl\u00e4dt \u2013 ein wertvoller Ort f\u00fcr Bewegung, Naturerfahrung und kindliche Freiheit.<\/p>\n\n\n\n<div class=\"wp-block-columns is-layout-flex wp-container-core-columns-is-layout-9d6595d7 wp-block-columns-is-layout-flex\">\n<div class=\"wp-block-column is-layout-flow wp-block-column-is-layout-flow\">\n<p class=\"has-text-align-center has-normal-font-size\"><\/p>\n<\/div>\n<\/div>\n\n\n\n<div class=\"wp-block-columns is-layout-flex wp-container-core-columns-is-layout-9d6595d7 wp-block-columns-is-layout-flex\">\n<div class=\"wp-block-column is-layout-flow wp-block-column-is-layout-flow\">\n<figure class=\"wp-block-image size-full is-style-rounded\"><img loading=\"lazy\" decoding=\"async\" width=\"640\" height=\"360\" src=\"https:\/\/kita-pondorf.de\/wp-content\/uploads\/2024\/12\/Aufnahme-mit-Donau.jpg\" alt=\"\" class=\"wp-image-1146\" srcset=\"https:\/\/kita-pondorf.de\/wp-content\/uploads\/2024\/12\/Aufnahme-mit-Donau.jpg 640w, https:\/\/kita-pondorf.de\/wp-content\/uploads\/2024\/12\/Aufnahme-mit-Donau-300x169.jpg 300w\" sizes=\"auto, (max-width: 640px) 100vw, 640px\" \/><figcaption class=\"wp-element-caption\">Haupt- und Nebengeb\u00e4ude <\/figcaption><\/figure>\n<\/div>\n\n\n\n<div class=\"wp-block-column is-layout-flow wp-block-column-is-layout-flow\">\n<figure class=\"wp-block-image size-full is-style-rounded\"><img loading=\"lazy\" decoding=\"async\" width=\"640\" height=\"360\" src=\"https:\/\/kita-pondorf.de\/wp-content\/uploads\/2024\/12\/Grosser-Garten.jpg\" alt=\"\" class=\"wp-image-1149\" srcset=\"https:\/\/kita-pondorf.de\/wp-content\/uploads\/2024\/12\/Grosser-Garten.jpg 640w, https:\/\/kita-pondorf.de\/wp-content\/uploads\/2024\/12\/Grosser-Garten-300x169.jpg 300w\" sizes=\"auto, (max-width: 640px) 100vw, 640px\" \/><figcaption class=\"wp-element-caption\">Garten mit Terrassenzug\u00e4ngen<\/figcaption><\/figure>\n<\/div>\n<\/div>\n\n\n\n<div class=\"wp-block-columns is-layout-flex wp-container-core-columns-is-layout-9d6595d7 wp-block-columns-is-layout-flex\">\n<div class=\"wp-block-column is-layout-flow wp-block-column-is-layout-flow\">\n<figure class=\"wp-block-image size-full is-style-rounded\"><img loading=\"lazy\" decoding=\"async\" width=\"640\" height=\"360\" src=\"https:\/\/kita-pondorf.de\/wp-content\/uploads\/2024\/12\/seitliche-Aufnahme-vom-grossen-Garten.jpg\" alt=\"\" class=\"wp-image-1158\" srcset=\"https:\/\/kita-pondorf.de\/wp-content\/uploads\/2024\/12\/seitliche-Aufnahme-vom-grossen-Garten.jpg 640w, https:\/\/kita-pondorf.de\/wp-content\/uploads\/2024\/12\/seitliche-Aufnahme-vom-grossen-Garten-300x169.jpg 300w\" sizes=\"auto, (max-width: 640px) 100vw, 640px\" \/><figcaption class=\"wp-element-caption\">Garten mit Spielger\u00e4ten und Spielstra\u00dfe<\/figcaption><\/figure>\n<\/div>\n\n\n\n<div class=\"wp-block-column is-layout-flow wp-block-column-is-layout-flow\">\n<figure class=\"wp-block-image size-full is-style-rounded\"><img loading=\"lazy\" decoding=\"async\" width=\"640\" height=\"360\" src=\"https:\/\/kita-pondorf.de\/wp-content\/uploads\/2024\/12\/Naturgruppe-2.jpg\" alt=\"\" class=\"wp-image-1154\" srcset=\"https:\/\/kita-pondorf.de\/wp-content\/uploads\/2024\/12\/Naturgruppe-2.jpg 640w, https:\/\/kita-pondorf.de\/wp-content\/uploads\/2024\/12\/Naturgruppe-2-300x169.jpg 300w\" sizes=\"auto, (max-width: 640px) 100vw, 640px\" \/><figcaption class=\"wp-element-caption\">Naturgruppe Donauf\u00fcchse<\/figcaption><\/figure>\n<\/div>\n<\/div>\n","protected":false},"excerpt":{"rendered":"<p>Wo Ihre Kleinsten die Gr\u00f6\u00dften sind, da ist die Kita DonauKids in Pondorf Herzlich willkommen bei den DonauKids! Wir freuen uns sehr, dass wir Ihr Interesse an unserer Kindertagesst\u00e4tte geweckt haben. Auf den folgenden Seiten m\u00f6chten wir Ihnen einen Einblick in unsere Einrichtung, unsere p\u00e4dagogische Arbeit und das t\u00e4gliche Miteinander geben. Die Kindertagesst\u00e4tte DonauKids befindet [&hellip;]<\/p>\n","protected":false},"author":1,"featured_media":266,"parent":0,"menu_order":0,"comment_status":"closed","ping_status":"closed","template":"","meta":{"footnotes":""},"class_list":["post-6","page","type-page","status-publish","has-post-thumbnail","hentry"],"featured_image_src":"https:\/\/kita-pondorf.de\/wp-content\/uploads\/2021\/09\/RemoteMediaFile_6619369_0_2021_08_19_16_43_22-600x360.jpg","featured_image_src_square":"https:\/\/kita-pondorf.de\/wp-content\/uploads\/2021\/09\/RemoteMediaFile_6619369_0_2021_08_19_16_43_22-600x360.jpg","_links":{"self":[{"href":"https:\/\/kita-pondorf.de\/index.php?rest_route=\/wp\/v2\/pages\/6","targetHints":{"allow":["GET"]}}],"collection":[{"href":"https:\/\/kita-pondorf.de\/index.php?rest_route=\/wp\/v2\/pages"}],"about":[{"href":"https:\/\/kita-pondorf.de\/index.php?rest_route=\/wp\/v2\/types\/page"}],"author":[{"embeddable":true,"href":"https:\/\/kita-pondorf.de\/index.php?rest_route=\/wp\/v2\/users\/1"}],"replies":[{"embeddable":true,"href":"https:\/\/kita-pondorf.de\/index.php?rest_route=%2Fwp%2Fv2%2Fcomments&post=6"}],"version-history":[{"count":35,"href":"https:\/\/kita-pondorf.de\/index.php?rest_route=\/wp\/v2\/pages\/6\/revisions"}],"predecessor-version":[{"id":1446,"href":"https:\/\/kita-pondorf.de\/index.php?rest_route=\/wp\/v2\/pages\/6\/revisions\/1446"}],"wp:featuredmedia":[{"embeddable":true,"href":"https:\/\/kita-pondorf.de\/index.php?rest_route=\/wp\/v2\/media\/266"}],"wp:attachment":[{"href":"https:\/\/kita-pondorf.de\/index.php?rest_route=%2Fwp%2Fv2%2Fmedia&parent=6"}],"curies":[{"name":"wp","href":"https:\/\/api.w.org\/{rel}","templated":true}]}}