{"id":469,"date":"2022-03-02T09:23:55","date_gmt":"2022-03-02T09:23:55","guid":{"rendered":"https:\/\/kita-pondorf.de\/?page_id=469"},"modified":"2025-10-16T10:18:46","modified_gmt":"2025-10-16T10:18:46","slug":"elternbeirat","status":"publish","type":"page","link":"https:\/\/kita-pondorf.de\/?page_id=469","title":{"rendered":"Elternbeirat"},"content":{"rendered":"\n<div class=\"wp-block-columns is-layout-flex wp-container-core-columns-is-layout-9d6595d7 wp-block-columns-is-layout-flex\">\n<div class=\"wp-block-column is-layout-flow wp-block-column-is-layout-flow\">\n<p class=\"has-text-align-center\">Der Elternbeirat ist ein wichtiges Bindeglied zwischen Eltern, Team und Tr\u00e4ger.<\/p>\n\n\n\n<p class=\"has-text-align-center\">Mit vielen guten Ideen, tatkr\u00e4ftiger Hilfe bei Aktionen und Festen, sowie immer einem offenen Ohr f\u00fcr alle Fragen und Anliegen der Familien bereichert er unseren Kindergartenalltag sehr. <\/p>\n\n\n\n<p class=\"has-text-align-center\"><\/p>\n\n\n\n<p class=\"has-text-align-center\"><\/p>\n\n\n\n<div style=\"color:#ddd\" class=\"wp-block-genesis-blocks-gb-spacer gb-block-spacer gb-divider-solid gb-divider-size-1\"><hr style=\"height:89px\"\/><\/div>\n\n\n\n<p class=\"has-text-align-center has-light-gray-background-color has-background\">Ein herzliches Dankesch\u00f6n f\u00fcr das gro\u00dfe Engagement und die wertvolle Unterst\u00fctzung zum Wohl unserer Kinder und unserer Gemeinschaft! <\/p>\n\n\n\n<p><\/p>\n\n\n\n<div style=\"color:#ddd\" class=\"wp-block-genesis-blocks-gb-spacer gb-block-spacer gb-divider-solid gb-divider-size-1\"><hr style=\"height:63px\"\/><\/div>\n\n\n\n<div class=\"wp-block-columns is-layout-flex wp-container-core-columns-is-layout-9d6595d7 wp-block-columns-is-layout-flex\">\n<div class=\"wp-block-column is-layout-flow wp-block-column-is-layout-flow\" style=\"flex-basis:100%\">\n<div class=\"wp-block-group\"><div class=\"wp-block-group__inner-container is-layout-flow wp-block-group-is-layout-flow\">\n<div class=\"wp-block-columns are-vertically-aligned-top is-layout-flex wp-container-core-columns-is-layout-9d6595d7 wp-block-columns-is-layout-flex\">\n<div class=\"wp-block-column is-vertically-aligned-top is-layout-flow wp-block-column-is-layout-flow\" style=\"flex-basis:50%\">\n<p><strong>Aktueller Elternbeirat:<\/strong><\/p>\n\n\n\n<figure class=\"wp-block-table aligncenter is-style-stripes\"><table><tbody><tr><td><\/td><td>1.Elternbeiratsvorsitzende<\/td><td>Veronika Hiergeist <\/td><\/tr><tr><td><\/td><td>stell. Vorsitzender<\/td><td>Marina Bielmeier<\/td><\/tr><tr><td><\/td><td>Schriftf\u00fchrer<\/td><td>Peter Soller<\/td><\/tr><tr><td><\/td><td>Kasse<\/td><td>Sandra Gro\u00df<\/td><\/tr><tr><td><\/td><td>Beisitzer<\/td><td>Martina Glanzer<br>Sabine Haimerl<br>Kevin Prasch<br>Theresa Jung <\/td><\/tr><tr><td><\/td><td>Helfer<\/td><td>Manuela Bauer<br>Jennifer Hien <\/td><\/tr><\/tbody><\/table><\/figure>\n\n\n<div class=\"wp-block-image\">\n<figure class=\"aligncenter size-full is-resized\"><img loading=\"lazy\" decoding=\"async\" width=\"273\" height=\"178\" src=\"https:\/\/kita-pondorf.de\/wp-content\/uploads\/2025\/10\/Elternbeirat.png\" alt=\"\" class=\"wp-image-1493\" style=\"width:313px;height:auto\"\/><\/figure>\n<\/div>\n\n\n<p><\/p>\n<\/div>\n<\/div>\n<\/div><\/div>\n<\/div>\n<\/div>\n<\/div>\n<\/div>\n\n\n\n<p class=\"has-text-align-center\"><\/p>\n","protected":false},"excerpt":{"rendered":"<p>Der Elternbeirat ist ein wichtiges Bindeglied zwischen Eltern, Team und Tr\u00e4ger. Mit vielen guten Ideen, tatkr\u00e4ftiger Hilfe bei Aktionen und Festen, sowie immer einem offenen Ohr f\u00fcr alle Fragen und Anliegen der Familien bereichert er unseren Kindergartenalltag sehr. Ein herzliches Dankesch\u00f6n f\u00fcr das gro\u00dfe Engagement und die wertvolle Unterst\u00fctzung zum Wohl unserer Kinder und unserer [&hellip;]<\/p>\n","protected":false},"author":4,"featured_media":266,"parent":0,"menu_order":0,"comment_status":"closed","ping_status":"closed","template":"","meta":{"footnotes":""},"class_list":["post-469","page","type-page","status-publish","has-post-thumbnail","hentry"],"featured_image_src":"https:\/\/kita-pondorf.de\/wp-content\/uploads\/2021\/09\/RemoteMediaFile_6619369_0_2021_08_19_16_43_22-600x360.jpg","featured_image_src_square":"https:\/\/kita-pondorf.de\/wp-content\/uploads\/2021\/09\/RemoteMediaFile_6619369_0_2021_08_19_16_43_22-600x360.jpg","_links":{"self":[{"href":"https:\/\/kita-pondorf.de\/index.php?rest_route=\/wp\/v2\/pages\/469","targetHints":{"allow":["GET"]}}],"collection":[{"href":"https:\/\/kita-pondorf.de\/index.php?rest_route=\/wp\/v2\/pages"}],"about":[{"href":"https:\/\/kita-pondorf.de\/index.php?rest_route=\/wp\/v2\/types\/page"}],"author":[{"embeddable":true,"href":"https:\/\/kita-pondorf.de\/index.php?rest_route=\/wp\/v2\/users\/4"}],"replies":[{"embeddable":true,"href":"https:\/\/kita-pondorf.de\/index.php?rest_route=%2Fwp%2Fv2%2Fcomments&post=469"}],"version-history":[{"count":14,"href":"https:\/\/kita-pondorf.de\/index.php?rest_route=\/wp\/v2\/pages\/469\/revisions"}],"predecessor-version":[{"id":1494,"href":"https:\/\/kita-pondorf.de\/index.php?rest_route=\/wp\/v2\/pages\/469\/revisions\/1494"}],"wp:featuredmedia":[{"embeddable":true,"href":"https:\/\/kita-pondorf.de\/index.php?rest_route=\/wp\/v2\/media\/266"}],"wp:attachment":[{"href":"https:\/\/kita-pondorf.de\/index.php?rest_route=%2Fwp%2Fv2%2Fmedia&parent=469"}],"curies":[{"name":"wp","href":"https:\/\/api.w.org\/{rel}","templated":true}]}}