{"id":18,"date":"2019-04-26T08:36:56","date_gmt":"2019-04-26T08:36:56","guid":{"rendered":"http:\/\/kita-pondorf.de\/?page_id=18"},"modified":"2025-09-17T07:50:40","modified_gmt":"2025-09-17T07:50:40","slug":"info-von-a-bis-z","status":"publish","type":"page","link":"https:\/\/kita-pondorf.de\/?page_id=18","title":{"rendered":"FAQ \/ Antr\u00e4ge"},"content":{"rendered":"<div class=\"wp-block-image\">\n<figure class=\"aligncenter size-full is-resized\"><img loading=\"lazy\" decoding=\"async\" width=\"906\" height=\"906\" src=\"https:\/\/kita-pondorf.de\/wp-content\/uploads\/2025\/09\/Logo-Kita-Pondorf_FINAL-92-dpi.png\" alt=\"\" class=\"wp-image-1478\" style=\"width:309px;height:auto\" srcset=\"https:\/\/kita-pondorf.de\/wp-content\/uploads\/2025\/09\/Logo-Kita-Pondorf_FINAL-92-dpi.png 906w, https:\/\/kita-pondorf.de\/wp-content\/uploads\/2025\/09\/Logo-Kita-Pondorf_FINAL-92-dpi-300x300.png 300w, https:\/\/kita-pondorf.de\/wp-content\/uploads\/2025\/09\/Logo-Kita-Pondorf_FINAL-92-dpi-150x150.png 150w, https:\/\/kita-pondorf.de\/wp-content\/uploads\/2025\/09\/Logo-Kita-Pondorf_FINAL-92-dpi-768x768.png 768w, https:\/\/kita-pondorf.de\/wp-content\/uploads\/2025\/09\/Logo-Kita-Pondorf_FINAL-92-dpi-600x600.png 600w, https:\/\/kita-pondorf.de\/wp-content\/uploads\/2025\/09\/Logo-Kita-Pondorf_FINAL-92-dpi-700x700.png 700w\" sizes=\"auto, (max-width: 906px) 100vw, 906px\" \/><\/figure>\n<\/div>\n\n\n<div style=\"color:#ddd\" class=\"wp-block-genesis-blocks-gb-spacer gb-block-spacer gb-divider-solid gb-divider-size-1\"><hr style=\"height:49px\"\/><\/div>\n\n\n\n<p class=\"has-text-align-center\">Alles auf einen Blick: H\u00e4ufige Fragen, wichtige Infos und alle Antr\u00e4ge f\u00fcr Ihren Kita-Alltag zum Download.<\/p>\n\n\n\n<p><\/p>\n","protected":false},"excerpt":{"rendered":"<p>Alles auf einen Blick: H\u00e4ufige Fragen, wichtige Infos und alle Antr\u00e4ge f\u00fcr Ihren Kita-Alltag zum Download.<\/p>\n","protected":false},"author":1,"featured_media":266,"parent":0,"menu_order":0,"comment_status":"closed","ping_status":"closed","template":"","meta":{"footnotes":""},"class_list":["post-18","page","type-page","status-publish","has-post-thumbnail","hentry"],"featured_image_src":"https:\/\/kita-pondorf.de\/wp-content\/uploads\/2021\/09\/RemoteMediaFile_6619369_0_2021_08_19_16_43_22-600x360.jpg","featured_image_src_square":"https:\/\/kita-pondorf.de\/wp-content\/uploads\/2021\/09\/RemoteMediaFile_6619369_0_2021_08_19_16_43_22-600x360.jpg","_links":{"self":[{"href":"https:\/\/kita-pondorf.de\/index.php?rest_route=\/wp\/v2\/pages\/18","targetHints":{"allow":["GET"]}}],"collection":[{"href":"https:\/\/kita-pondorf.de\/index.php?rest_route=\/wp\/v2\/pages"}],"about":[{"href":"https:\/\/kita-pondorf.de\/index.php?rest_route=\/wp\/v2\/types\/page"}],"author":[{"embeddable":true,"href":"https:\/\/kita-pondorf.de\/index.php?rest_route=\/wp\/v2\/users\/1"}],"replies":[{"embeddable":true,"href":"https:\/\/kita-pondorf.de\/index.php?rest_route=%2Fwp%2Fv2%2Fcomments&post=18"}],"version-history":[{"count":38,"href":"https:\/\/kita-pondorf.de\/index.php?rest_route=\/wp\/v2\/pages\/18\/revisions"}],"predecessor-version":[{"id":1484,"href":"https:\/\/kita-pondorf.de\/index.php?rest_route=\/wp\/v2\/pages\/18\/revisions\/1484"}],"wp:featuredmedia":[{"embeddable":true,"href":"https:\/\/kita-pondorf.de\/index.php?rest_route=\/wp\/v2\/media\/266"}],"wp:attachment":[{"href":"https:\/\/kita-pondorf.de\/index.php?rest_route=%2Fwp%2Fv2%2Fmedia&parent=18"}],"curies":[{"name":"wp","href":"https:\/\/api.w.org\/{rel}","templated":true}]}}