{"id":1400,"date":"2025-09-15T07:40:54","date_gmt":"2025-09-15T07:40:54","guid":{"rendered":"https:\/\/kita-pondorf.de\/?page_id=1400"},"modified":"2026-03-10T08:29:47","modified_gmt":"2026-03-10T08:29:47","slug":"kindorientierte-projektarbeit","status":"publish","type":"page","link":"https:\/\/kita-pondorf.de\/?page_id=1400","title":{"rendered":"Kindorientierte Projektarbeit"},"content":{"rendered":"\n<p><\/p>\n\n\n\n<p class=\"has-text-align-center\">In den Stammgruppen arbeiten wir nach dem Prinzip der kindorientierten Projektarbeit. <\/p>\n\n\n\n<p class=\"has-text-align-center\">Dabei greifen wir die Interessen, Fragen, Beobachtungen und Bed\u00fcrfnisse der Kinder auf und entwickeln daraus spannende Projekte. <\/p>\n\n\n\n<p class=\"has-text-align-center\">So werden Lerninhalte nicht vorgegeben, sondern entstehen aus dem kindlichen Alltag und der Lebensumwelt der Kinder &#8211; lebendig, spielerisch und voller Freude am gemeinsamen Tun. <\/p>\n\n\n\n<div class=\"wp-block-columns is-layout-flex wp-container-core-columns-is-layout-9d6595d7 wp-block-columns-is-layout-flex\">\n<div class=\"wp-block-column is-layout-flow wp-block-column-is-layout-flow\"><div class=\"wp-block-image\">\n<figure class=\"aligncenter size-large is-resized\"><img loading=\"lazy\" decoding=\"async\" width=\"1024\" height=\"768\" src=\"https:\/\/kita-pondorf.de\/wp-content\/uploads\/2025\/09\/IMG_2621-1-1024x768.jpg\" alt=\"\" class=\"wp-image-1402\" style=\"width:421px;height:auto\" srcset=\"https:\/\/kita-pondorf.de\/wp-content\/uploads\/2025\/09\/IMG_2621-1-1024x768.jpg 1024w, https:\/\/kita-pondorf.de\/wp-content\/uploads\/2025\/09\/IMG_2621-1-300x225.jpg 300w, https:\/\/kita-pondorf.de\/wp-content\/uploads\/2025\/09\/IMG_2621-1-768x576.jpg 768w, https:\/\/kita-pondorf.de\/wp-content\/uploads\/2025\/09\/IMG_2621-1-1536x1152.jpg 1536w, https:\/\/kita-pondorf.de\/wp-content\/uploads\/2025\/09\/IMG_2621-1-2048x1536.jpg 2048w, https:\/\/kita-pondorf.de\/wp-content\/uploads\/2025\/09\/IMG_2621-1-700x525.jpg 700w\" sizes=\"auto, (max-width: 1024px) 100vw, 1024px\" \/><\/figure>\n<\/div>\n\n\n<p class=\"has-text-align-center\">Projekt &#8222;Bunter Herbst&#8220; <\/p>\n\n\n\n<p class=\"has-text-align-center\">&#8211; Wir genie\u00dfen das Herbstwetter mit allen Sinnen! <\/p>\n<\/div>\n\n\n\n<div class=\"wp-block-column is-layout-flow wp-block-column-is-layout-flow\"><div class=\"wp-block-image\">\n<figure class=\"aligncenter size-large is-resized\"><img loading=\"lazy\" decoding=\"async\" width=\"1024\" height=\"779\" src=\"https:\/\/kita-pondorf.de\/wp-content\/uploads\/2025\/09\/20241204_103520-1024x779.jpg\" alt=\"\" class=\"wp-image-1403\" style=\"width:418px;height:auto\" srcset=\"https:\/\/kita-pondorf.de\/wp-content\/uploads\/2025\/09\/20241204_103520-1024x779.jpg 1024w, https:\/\/kita-pondorf.de\/wp-content\/uploads\/2025\/09\/20241204_103520-300x228.jpg 300w, https:\/\/kita-pondorf.de\/wp-content\/uploads\/2025\/09\/20241204_103520-768x584.jpg 768w, https:\/\/kita-pondorf.de\/wp-content\/uploads\/2025\/09\/20241204_103520-1536x1169.jpg 1536w, https:\/\/kita-pondorf.de\/wp-content\/uploads\/2025\/09\/20241204_103520-2048x1558.jpg 2048w, https:\/\/kita-pondorf.de\/wp-content\/uploads\/2025\/09\/20241204_103520-700x533.jpg 700w\" sizes=\"auto, (max-width: 1024px) 100vw, 1024px\" \/><\/figure>\n<\/div>\n\n\n<p class=\"has-text-align-center\">Weihnachtliches Projekt <\/p>\n\n\n\n<p class=\"has-text-align-center\">&#8211; Die Kinder suchen sich einen Christbaum f\u00fcr unsere KiTa aus!<\/p>\n<\/div>\n<\/div>\n\n\n\n<div style=\"color:#ddd\" class=\"wp-block-genesis-blocks-gb-spacer gb-block-spacer gb-divider-solid gb-divider-size-1\"><hr style=\"height:103px\"\/><\/div>\n\n\n\n<p class=\"has-text-align-left\">Zus\u00e4tzlich f\u00f6rdern wir die Kinder in altersgleichen Untergruppen:<\/p>\n\n\n\n<ul class=\"wp-block-list\">\n<li>MINIS &#8211; unsere J\u00fcngsten, die mit Neugier die Welt entdecken,<\/li>\n\n\n\n<li>HEXENSCH\u00dcLER &#8211; Kinder im mittleren Alter, die schon vieles ausprobieren wollen, <\/li>\n\n\n\n<li>WACKELZ\u00c4HNE &#8211; unsere Vorschulkinder, die wir gezielt auf die Schule vorbereiten. <\/li>\n<\/ul>\n\n\n\n<p class=\"has-text-align-left\">In diesen Gruppen k\u00f6nnen wir noch individueller auf die jeweiligen Entwicklungsphasen der Kinder eingehen. <\/p>\n\n\n\n<p class=\"has-text-align-left\">Mit vielf\u00e4ltigen Aktionen, von spielerischen Schwung\u00fcbungen \u00fcber lebenspraktische Angebote, bis hin zu ersten Zahlen- und Sprachspielen, begleiten wir die Kinder hier Schritt f\u00fcr Schritt auf dem Weg zur Schule. <\/p>\n\n\n\n<div class=\"wp-block-columns is-layout-flex wp-container-core-columns-is-layout-9d6595d7 wp-block-columns-is-layout-flex\">\n<div class=\"wp-block-column is-layout-flow wp-block-column-is-layout-flow\"><div class=\"wp-block-image\">\n<figure class=\"aligncenter size-large is-resized\"><img loading=\"lazy\" decoding=\"async\" width=\"1024\" height=\"768\" src=\"https:\/\/kita-pondorf.de\/wp-content\/uploads\/2025\/09\/IMG_9335-1024x768.jpg\" alt=\"\" class=\"wp-image-1404\" style=\"width:489px;height:auto\" srcset=\"https:\/\/kita-pondorf.de\/wp-content\/uploads\/2025\/09\/IMG_9335-1024x768.jpg 1024w, https:\/\/kita-pondorf.de\/wp-content\/uploads\/2025\/09\/IMG_9335-300x225.jpg 300w, https:\/\/kita-pondorf.de\/wp-content\/uploads\/2025\/09\/IMG_9335-768x576.jpg 768w, https:\/\/kita-pondorf.de\/wp-content\/uploads\/2025\/09\/IMG_9335-1536x1152.jpg 1536w, https:\/\/kita-pondorf.de\/wp-content\/uploads\/2025\/09\/IMG_9335-2048x1536.jpg 2048w, https:\/\/kita-pondorf.de\/wp-content\/uploads\/2025\/09\/IMG_9335-700x525.jpg 700w\" sizes=\"auto, (max-width: 1024px) 100vw, 1024px\" \/><\/figure>\n<\/div>\n\n\n<p class=\"has-text-align-center\">Vorschulprogramm Zahlenland <\/p>\n\n\n\n<p class=\"has-text-align-center\">&#8211; Spielerisch die Welt der Zahlen entdecken!<\/p>\n<\/div>\n\n\n\n<div class=\"wp-block-column is-layout-flow wp-block-column-is-layout-flow\"><div class=\"wp-block-image\">\n<figure class=\"aligncenter size-large is-resized\"><img loading=\"lazy\" decoding=\"async\" width=\"1024\" height=\"768\" src=\"https:\/\/kita-pondorf.de\/wp-content\/uploads\/2025\/09\/Polizei-1024x768.jpg\" alt=\"\" class=\"wp-image-1405\" style=\"width:483px;height:auto\" srcset=\"https:\/\/kita-pondorf.de\/wp-content\/uploads\/2025\/09\/Polizei-1024x768.jpg 1024w, https:\/\/kita-pondorf.de\/wp-content\/uploads\/2025\/09\/Polizei-300x225.jpg 300w, https:\/\/kita-pondorf.de\/wp-content\/uploads\/2025\/09\/Polizei-768x576.jpg 768w, https:\/\/kita-pondorf.de\/wp-content\/uploads\/2025\/09\/Polizei-1536x1152.jpg 1536w, https:\/\/kita-pondorf.de\/wp-content\/uploads\/2025\/09\/Polizei-2048x1536.jpg 2048w, https:\/\/kita-pondorf.de\/wp-content\/uploads\/2025\/09\/Polizei-700x525.jpg 700w\" sizes=\"auto, (max-width: 1024px) 100vw, 1024px\" \/><\/figure>\n<\/div>\n\n\n<p class=\"has-text-align-center\">Verkehrserziehung mit der Polizei <\/p>\n\n\n\n<p class=\"has-text-align-center\">\u2013 sicher unterwegs im Stra\u00dfenverkehr!<\/p>\n<\/div>\n<\/div>\n\n\n\n<p><\/p>\n","protected":false},"excerpt":{"rendered":"<p>In den Stammgruppen arbeiten wir nach dem Prinzip der kindorientierten Projektarbeit. Dabei greifen wir die Interessen, Fragen, Beobachtungen und Bed\u00fcrfnisse der Kinder auf und entwickeln daraus spannende Projekte. So werden Lerninhalte nicht vorgegeben, sondern entstehen aus dem kindlichen Alltag und der Lebensumwelt der Kinder &#8211; lebendig, spielerisch und voller Freude am gemeinsamen Tun. Projekt &#8222;Bunter [&hellip;]<\/p>\n","protected":false},"author":5,"featured_media":1422,"parent":1398,"menu_order":0,"comment_status":"closed","ping_status":"closed","template":"","meta":{"footnotes":""},"class_list":["post-1400","page","type-page","status-publish","has-post-thumbnail","hentry"],"featured_image_src":"https:\/\/kita-pondorf.de\/wp-content\/uploads\/2025\/09\/Bildschirmfoto-600x400.jpeg","featured_image_src_square":"https:\/\/kita-pondorf.de\/wp-content\/uploads\/2025\/09\/Bildschirmfoto-600x465.jpeg","_links":{"self":[{"href":"https:\/\/kita-pondorf.de\/index.php?rest_route=\/wp\/v2\/pages\/1400","targetHints":{"allow":["GET"]}}],"collection":[{"href":"https:\/\/kita-pondorf.de\/index.php?rest_route=\/wp\/v2\/pages"}],"about":[{"href":"https:\/\/kita-pondorf.de\/index.php?rest_route=\/wp\/v2\/types\/page"}],"author":[{"embeddable":true,"href":"https:\/\/kita-pondorf.de\/index.php?rest_route=\/wp\/v2\/users\/5"}],"replies":[{"embeddable":true,"href":"https:\/\/kita-pondorf.de\/index.php?rest_route=%2Fwp%2Fv2%2Fcomments&post=1400"}],"version-history":[{"count":3,"href":"https:\/\/kita-pondorf.de\/index.php?rest_route=\/wp\/v2\/pages\/1400\/revisions"}],"predecessor-version":[{"id":1511,"href":"https:\/\/kita-pondorf.de\/index.php?rest_route=\/wp\/v2\/pages\/1400\/revisions\/1511"}],"up":[{"embeddable":true,"href":"https:\/\/kita-pondorf.de\/index.php?rest_route=\/wp\/v2\/pages\/1398"}],"wp:featuredmedia":[{"embeddable":true,"href":"https:\/\/kita-pondorf.de\/index.php?rest_route=\/wp\/v2\/media\/1422"}],"wp:attachment":[{"href":"https:\/\/kita-pondorf.de\/index.php?rest_route=%2Fwp%2Fv2%2Fmedia&parent=1400"}],"curies":[{"name":"wp","href":"https:\/\/api.w.org\/{rel}","templated":true}]}}