{"id":1398,"date":"2025-09-15T06:46:43","date_gmt":"2025-09-15T06:46:43","guid":{"rendered":"https:\/\/kita-pondorf.de\/?page_id=1398"},"modified":"2025-09-15T08:42:37","modified_gmt":"2025-09-15T08:42:37","slug":"unsere-paedagogik","status":"publish","type":"page","link":"https:\/\/kita-pondorf.de\/?page_id=1398","title":{"rendered":"Unsere P\u00e4dagogik"},"content":{"rendered":"<div class=\"wp-block-image\">\n<figure class=\"aligncenter size-full\"><img loading=\"lazy\" decoding=\"async\" width=\"500\" height=\"502\" src=\"https:\/\/kita-pondorf.de\/wp-content\/uploads\/2024\/12\/cropped-Logo-Kita-Pondorf_FINAL-92-dpi.png\" alt=\"\" class=\"wp-image-1188\" srcset=\"https:\/\/kita-pondorf.de\/wp-content\/uploads\/2024\/12\/cropped-Logo-Kita-Pondorf_FINAL-92-dpi.png 500w, https:\/\/kita-pondorf.de\/wp-content\/uploads\/2024\/12\/cropped-Logo-Kita-Pondorf_FINAL-92-dpi-300x300.png 300w, https:\/\/kita-pondorf.de\/wp-content\/uploads\/2024\/12\/cropped-Logo-Kita-Pondorf_FINAL-92-dpi-150x150.png 150w\" sizes=\"auto, (max-width: 500px) 100vw, 500px\" \/><\/figure>\n<\/div>\n\n\n<div style=\"color:#ddd\" class=\"wp-block-genesis-blocks-gb-spacer gb-block-spacer gb-divider-solid gb-divider-size-1\"><hr style=\"height:60px\"\/><\/div>\n\n\n\n<p class=\"has-text-align-center\">Jedes Kind ist einzigartig und genau darin sehen wir seine St\u00e4rke. <\/p>\n\n\n\n<p class=\"has-text-align-center\">Unser p\u00e4dagogisches Konzept vereint kindorientierten Projektarbeit, einen inklusiven Ansatz, sowie naturp\u00e4dagogische Elemente. <\/p>\n\n\n\n<p class=\"has-text-align-center\">Ziel ist es, jedes Kind in seiner Individualit\u00e4t wahrzunehmen, wertzusch\u00e4tzen und durch gezielte Begleitung und F\u00f6rderung in seiner Entwicklung zu st\u00e4rken. <\/p>\n\n\n\n<p><\/p>\n","protected":false},"excerpt":{"rendered":"<p>Jedes Kind ist einzigartig und genau darin sehen wir seine St\u00e4rke. Unser p\u00e4dagogisches Konzept vereint kindorientierten Projektarbeit, einen inklusiven Ansatz, sowie naturp\u00e4dagogische Elemente. Ziel ist es, jedes Kind in seiner Individualit\u00e4t wahrzunehmen, wertzusch\u00e4tzen und durch gezielte Begleitung und F\u00f6rderung in seiner Entwicklung zu st\u00e4rken.<\/p>\n","protected":false},"author":5,"featured_media":266,"parent":0,"menu_order":0,"comment_status":"closed","ping_status":"closed","template":"","meta":{"footnotes":""},"class_list":["post-1398","page","type-page","status-publish","has-post-thumbnail","hentry"],"featured_image_src":"https:\/\/kita-pondorf.de\/wp-content\/uploads\/2021\/09\/RemoteMediaFile_6619369_0_2021_08_19_16_43_22-600x360.jpg","featured_image_src_square":"https:\/\/kita-pondorf.de\/wp-content\/uploads\/2021\/09\/RemoteMediaFile_6619369_0_2021_08_19_16_43_22-600x360.jpg","_links":{"self":[{"href":"https:\/\/kita-pondorf.de\/index.php?rest_route=\/wp\/v2\/pages\/1398","targetHints":{"allow":["GET"]}}],"collection":[{"href":"https:\/\/kita-pondorf.de\/index.php?rest_route=\/wp\/v2\/pages"}],"about":[{"href":"https:\/\/kita-pondorf.de\/index.php?rest_route=\/wp\/v2\/types\/page"}],"author":[{"embeddable":true,"href":"https:\/\/kita-pondorf.de\/index.php?rest_route=\/wp\/v2\/users\/5"}],"replies":[{"embeddable":true,"href":"https:\/\/kita-pondorf.de\/index.php?rest_route=%2Fwp%2Fv2%2Fcomments&post=1398"}],"version-history":[{"count":1,"href":"https:\/\/kita-pondorf.de\/index.php?rest_route=\/wp\/v2\/pages\/1398\/revisions"}],"predecessor-version":[{"id":1399,"href":"https:\/\/kita-pondorf.de\/index.php?rest_route=\/wp\/v2\/pages\/1398\/revisions\/1399"}],"wp:featuredmedia":[{"embeddable":true,"href":"https:\/\/kita-pondorf.de\/index.php?rest_route=\/wp\/v2\/media\/266"}],"wp:attachment":[{"href":"https:\/\/kita-pondorf.de\/index.php?rest_route=%2Fwp%2Fv2%2Fmedia&parent=1398"}],"curies":[{"name":"wp","href":"https:\/\/api.w.org\/{rel}","templated":true}]}}