{"id":1304,"date":"2025-04-09T05:43:34","date_gmt":"2025-04-09T05:43:34","guid":{"rendered":"https:\/\/kita-pondorf.de\/?page_id=1304"},"modified":"2025-09-17T07:31:51","modified_gmt":"2025-09-17T07:31:51","slug":"kita-platz-anmeldung","status":"publish","type":"page","link":"https:\/\/kita-pondorf.de\/?page_id=1304","title":{"rendered":"Kita-Platz Anmeldung"},"content":{"rendered":"\n<p>Die Anmeldung findet online \u00fcber die &#8222;Kitaplatz-Bedarfsanmeldung&#8220; im B\u00fcrgerserviceportal der Gemeinde Kirchroth statt. <\/p>\n\n\n\n<p><strong>Link zur Kita-Platz Anmeldung: <a href=\"https:\/\/www.buergerservice-portal.de\/bayern\/kirchroth\/bsp_kita_anmeldung\/#\/\">Kitaplatz | Gemeinde Kirchroth<\/a><\/strong><\/p>\n\n\n\n<p><\/p>\n\n\n\n<p>Jeweils im Januar finden in den Einrichtungen <strong>Informationsnachmittage <\/strong>statt. An diesem Tag wird die M\u00f6glichkeit zum pers\u00f6nlichen Kontakt mit Fachkr\u00e4ften geboten und die Einrichtung kann besichtigt werden. Der Termin wird fr\u00fchzeitig auf der Homepage, bzw. im Kiro bekanntgegeben. <\/p>\n\n\n\n<p>Aus platztechnischen Gr\u00fcnden stehen <strong>nur Kindern aus dem Gemeindegebiet Kirchroth<\/strong> Pl\u00e4tze in den Kindertagesst\u00e4tten zur Verf\u00fcgung. <\/p>\n\n\n\n<p><\/p>\n\n\n\n<h2 class=\"wp-block-heading\">Ansprechpartner f\u00fcr die Kita-Platz Anmeldung<\/h2>\n\n\n\n<div class=\"wp-block-media-text is-stacked-on-mobile\" style=\"grid-template-columns:25% auto\"><figure class=\"wp-block-media-text__media\"><img loading=\"lazy\" decoding=\"async\" width=\"500\" height=\"500\" src=\"https:\/\/kita-pondorf.de\/wp-content\/uploads\/2025\/03\/yvonne.jpg\" alt=\"\" class=\"wp-image-1254 size-full\" srcset=\"https:\/\/kita-pondorf.de\/wp-content\/uploads\/2025\/03\/yvonne.jpg 500w, https:\/\/kita-pondorf.de\/wp-content\/uploads\/2025\/03\/yvonne-300x300.jpg 300w, https:\/\/kita-pondorf.de\/wp-content\/uploads\/2025\/03\/yvonne-150x150.jpg 150w\" sizes=\"auto, (max-width: 500px) 100vw, 500px\" \/><\/figure><div class=\"wp-block-media-text__content\">\n<p>Frau Riedl Yvonne <br>Amt f\u00fcr Kinder- und Jugendarbeit der Gemeinde Kirchroth<br>E-Mail: riedl.yvonne@kirchroth.de<br>Telefon: 09428\/ 9410-50<\/p>\n<\/div><\/div>\n\n\n\n<div class=\"wp-block-media-text is-stacked-on-mobile\" style=\"grid-template-columns:30% auto\"><figure class=\"wp-block-media-text__media\"><img loading=\"lazy\" decoding=\"async\" width=\"400\" height=\"120\" src=\"https:\/\/kita-pondorf.de\/wp-content\/uploads\/2025\/03\/gemeindelogo_header_big-1.png\" alt=\"\" class=\"wp-image-1258 size-full\" srcset=\"https:\/\/kita-pondorf.de\/wp-content\/uploads\/2025\/03\/gemeindelogo_header_big-1.png 400w, https:\/\/kita-pondorf.de\/wp-content\/uploads\/2025\/03\/gemeindelogo_header_big-1-300x90.png 300w\" sizes=\"auto, (max-width: 400px) 100vw, 400px\" \/><\/figure><div class=\"wp-block-media-text__content\">\n<p><\/p>\n<\/div><\/div>\n\n\n\n<p><\/p>\n","protected":false},"excerpt":{"rendered":"<p>Die Anmeldung findet online \u00fcber die &#8222;Kitaplatz-Bedarfsanmeldung&#8220; im B\u00fcrgerserviceportal der Gemeinde Kirchroth statt. Link zur Kita-Platz Anmeldung: Kitaplatz | Gemeinde Kirchroth Jeweils im Januar finden in den Einrichtungen Informationsnachmittage statt. An diesem Tag wird die M\u00f6glichkeit zum pers\u00f6nlichen Kontakt mit Fachkr\u00e4ften geboten und die Einrichtung kann besichtigt werden. Der Termin wird fr\u00fchzeitig auf der Homepage, [&hellip;]<\/p>\n","protected":false},"author":5,"featured_media":266,"parent":18,"menu_order":0,"comment_status":"closed","ping_status":"closed","template":"","meta":{"footnotes":""},"class_list":["post-1304","page","type-page","status-publish","has-post-thumbnail","hentry"],"featured_image_src":"https:\/\/kita-pondorf.de\/wp-content\/uploads\/2021\/09\/RemoteMediaFile_6619369_0_2021_08_19_16_43_22-600x360.jpg","featured_image_src_square":"https:\/\/kita-pondorf.de\/wp-content\/uploads\/2021\/09\/RemoteMediaFile_6619369_0_2021_08_19_16_43_22-600x360.jpg","_links":{"self":[{"href":"https:\/\/kita-pondorf.de\/index.php?rest_route=\/wp\/v2\/pages\/1304","targetHints":{"allow":["GET"]}}],"collection":[{"href":"https:\/\/kita-pondorf.de\/index.php?rest_route=\/wp\/v2\/pages"}],"about":[{"href":"https:\/\/kita-pondorf.de\/index.php?rest_route=\/wp\/v2\/types\/page"}],"author":[{"embeddable":true,"href":"https:\/\/kita-pondorf.de\/index.php?rest_route=\/wp\/v2\/users\/5"}],"replies":[{"embeddable":true,"href":"https:\/\/kita-pondorf.de\/index.php?rest_route=%2Fwp%2Fv2%2Fcomments&post=1304"}],"version-history":[{"count":3,"href":"https:\/\/kita-pondorf.de\/index.php?rest_route=\/wp\/v2\/pages\/1304\/revisions"}],"predecessor-version":[{"id":1313,"href":"https:\/\/kita-pondorf.de\/index.php?rest_route=\/wp\/v2\/pages\/1304\/revisions\/1313"}],"up":[{"embeddable":true,"href":"https:\/\/kita-pondorf.de\/index.php?rest_route=\/wp\/v2\/pages\/18"}],"wp:featuredmedia":[{"embeddable":true,"href":"https:\/\/kita-pondorf.de\/index.php?rest_route=\/wp\/v2\/media\/266"}],"wp:attachment":[{"href":"https:\/\/kita-pondorf.de\/index.php?rest_route=%2Fwp%2Fv2%2Fmedia&parent=1304"}],"curies":[{"name":"wp","href":"https:\/\/api.w.org\/{rel}","templated":true}]}}