{"id":1270,"date":"2025-04-02T12:10:13","date_gmt":"2025-04-02T12:10:13","guid":{"rendered":"https:\/\/kita-pondorf.de\/?page_id=1270"},"modified":"2026-03-10T08:34:33","modified_gmt":"2026-03-10T08:34:33","slug":"naturgruppe-donaufuechse-2","status":"publish","type":"page","link":"https:\/\/kita-pondorf.de\/?page_id=1270","title":{"rendered":"Naturgruppe Donauf\u00fcchse"},"content":{"rendered":"\n<h2 class=\"wp-block-heading\">Kontakt<\/h2>\n\n\n\n<p>Tel.: 0160 919 044 28<\/p>\n\n\n\n<p>Email: donaufuechse@kita-pondorf.de<\/p>\n\n\n\n<div style=\"color:#ddd\" class=\"wp-block-genesis-blocks-gb-spacer gb-block-spacer gb-divider-solid gb-divider-size-1\"><hr style=\"height:44px\"\/><\/div>\n\n\n\n<h2 class=\"wp-block-heading has-text-align-left\">P\u00e4dagogisches Personal <\/h2>\n\n\n\n<figure class=\"wp-block-gallery has-nested-images columns-default is-cropped wp-block-gallery-1 is-layout-flex wp-block-gallery-is-layout-flex\">\n<figure class=\"wp-block-image size-large\"><img loading=\"lazy\" decoding=\"async\" width=\"1024\" height=\"683\" data-id=\"1352\" src=\"https:\/\/kita-pondorf.de\/wp-content\/uploads\/2025\/09\/Fuechse-edited-1024x683.jpg\" alt=\"\" class=\"wp-image-1352\" srcset=\"https:\/\/kita-pondorf.de\/wp-content\/uploads\/2025\/09\/Fuechse-edited-1024x683.jpg 1024w, https:\/\/kita-pondorf.de\/wp-content\/uploads\/2025\/09\/Fuechse-edited-300x200.jpg 300w, https:\/\/kita-pondorf.de\/wp-content\/uploads\/2025\/09\/Fuechse-edited-768x512.jpg 768w, https:\/\/kita-pondorf.de\/wp-content\/uploads\/2025\/09\/Fuechse-edited-600x400.jpg 600w, https:\/\/kita-pondorf.de\/wp-content\/uploads\/2025\/09\/Fuechse-edited-700x467.jpg 700w, https:\/\/kita-pondorf.de\/wp-content\/uploads\/2025\/09\/Fuechse-edited.jpg 1185w\" sizes=\"auto, (max-width: 1024px) 100vw, 1024px\" \/><\/figure>\n<\/figure>\n\n\n\n<div class=\"wp-block-group is-nowrap is-layout-flex wp-container-core-group-is-layout-ad2f72ca wp-block-group-is-layout-flex\">\n<figure class=\"wp-block-table\"><table class=\"has-fixed-layout\"><tbody><tr><td class=\"has-text-align-center\" data-align=\"center\"><strong>Tatjana Reith<\/strong><\/td><td class=\"has-text-align-center\" data-align=\"center\"><strong>Teresa Weinzierl<\/strong><\/td><td class=\"has-text-align-center\" data-align=\"center\"><strong>Julia \u00d6zer<\/strong><\/td><td class=\"has-text-align-center\" data-align=\"center\"><strong>Julia Multerer<\/strong><\/td><\/tr><tr><td class=\"has-text-align-center\" data-align=\"center\">Gruppenleitung<br>Erzieherin<br>Montessorip\u00e4dagogin<br>Krippenp\u00e4dagogin<br>In Ausbildung zur Naturp\u00e4dagogin<\/td><td class=\"has-text-align-center\" data-align=\"center\">Kinderpflegerin <br><br><br><\/td><td class=\"has-text-align-center\" data-align=\"center\">P\u00e4dagogische Erg\u00e4nzungskraft <br><br><br><\/td><td class=\"has-text-align-center\" data-align=\"center\">Erzieherin <br><br><br><\/td><\/tr><\/tbody><\/table><\/figure>\n<\/div>\n\n\n\n<div style=\"color:#ddd\" class=\"wp-block-genesis-blocks-gb-spacer gb-block-spacer gb-divider-solid gb-divider-size-1\"><hr style=\"height:100px\"\/><\/div>\n\n\n\n<h2 class=\"wp-block-heading\">Unsere R\u00e4umlichkeiten <\/h2>\n\n\n\n<ul class=\"wp-block-list\">\n<li>Schutzh\u00fctte mit gem\u00fctlichem Gruppenraum, K\u00fcchenzeile, Sanit\u00e4ranlagen und Garderobenpl\u00e4tzen<\/li>\n\n\n\n<li>Obstb\u00e4ume und Beerenstr\u00e4ucher<\/li>\n\n\n\n<li>Hochbeete<\/li>\n\n\n\n<li>Fuchsbau mit Feuerstelle (dient als Treffpunkt)<\/li>\n\n\n\n<li>Gehege mit Tieren (H\u00fchner, Kaninchen)<\/li>\n\n\n\n<li>Werkbank<\/li>\n\n\n\n<li>Areal mit unterschiedlichen B\u00e4umen und Str\u00e4uchern<\/li>\n\n\n\n<li>Verschiedene Verstecke\/ R\u00fcckzugsorte bzw. Weidenhaus <\/li>\n\n\n\n<li>Sand- und Matschbereich<\/li>\n\n\n\n<li>Spielh\u00fcgel mit Kriechtunnel <\/li>\n\n\n\n<li>Bauwagen mit wechselnden Spielbereichen<\/li>\n<\/ul>\n\n\n\n<div style=\"color:#ddd\" class=\"wp-block-genesis-blocks-gb-spacer gb-block-spacer gb-divider-solid gb-divider-size-1\"><hr style=\"height:90px\"\/><\/div>\n\n\n\n<h2 class=\"wp-block-heading\">Unser Tagesablauf <\/h2>\n\n\n\n<p><\/p>\n\n\n\n<figure class=\"wp-block-table is-style-stripes\"><table class=\"has-fixed-layout\"><tbody><tr><td>07:00 &#8211; 08:00 Uhr <\/td><td><strong>Fr\u00fchdienst und Bringzeit <\/strong><\/td><\/tr><tr><td>08:00 &#8211; 12:00 Uhr <\/td><td><strong>P\u00e4dagogische Kernzeit<\/strong><br>&#8211; Morgenkreis <br>&#8211; Freispiel in Freien <br>&#8211; Versorgung der Tiere und Pflanzen <br>&#8211; P\u00e4dagogische Angebote (Bilderbuchbetrachtung, Werken, Kochen, usw.)<br>&#8211; Spazierg\u00e4nge und Ausfl\u00fcge in die Natur <br>&#8211; Brotzeit oder gesundes Fr\u00fchst\u00fcck (1x monatlich)<br>&#8211; Vorschule und Hexenschule <br>&#8211; Geburtstagsfeiern<\/td><\/tr><tr><td>ab 12:00 Uhr bis 13:00 Uhr <\/td><td><strong>Abschlusskreis und Abholzeit <\/strong><br>(Die Naturgruppe endet t\u00e4glich um 13:00 Uhr)<\/td><\/tr><tr><td><\/td><td><\/td><\/tr><\/tbody><\/table><\/figure>\n","protected":false},"excerpt":{"rendered":"<p>Kontakt Tel.: 0160 919 044 28 Email: donaufuechse@kita-pondorf.de P\u00e4dagogisches Personal Tatjana Reith Teresa Weinzierl Julia \u00d6zer Julia Multerer GruppenleitungErzieherinMontessorip\u00e4dagoginKrippenp\u00e4dagoginIn Ausbildung zur Naturp\u00e4dagogin Kinderpflegerin P\u00e4dagogische Erg\u00e4nzungskraft Erzieherin Unsere R\u00e4umlichkeiten Unser Tagesablauf 07:00 &#8211; 08:00 Uhr Fr\u00fchdienst und Bringzeit 08:00 &#8211; 12:00 Uhr P\u00e4dagogische Kernzeit&#8211; Morgenkreis &#8211; Freispiel in Freien &#8211; Versorgung der Tiere und Pflanzen &#8211; [&hellip;]<\/p>\n","protected":false},"author":5,"featured_media":874,"parent":20,"menu_order":0,"comment_status":"closed","ping_status":"closed","template":"","meta":{"footnotes":""},"class_list":["post-1270","page","type-page","status-publish","has-post-thumbnail","hentry"],"featured_image_src":"https:\/\/kita-pondorf.de\/wp-content\/uploads\/2023\/06\/donaufuechse-600x400.png","featured_image_src_square":"https:\/\/kita-pondorf.de\/wp-content\/uploads\/2023\/06\/donaufuechse-600x600.png","_links":{"self":[{"href":"https:\/\/kita-pondorf.de\/index.php?rest_route=\/wp\/v2\/pages\/1270","targetHints":{"allow":["GET"]}}],"collection":[{"href":"https:\/\/kita-pondorf.de\/index.php?rest_route=\/wp\/v2\/pages"}],"about":[{"href":"https:\/\/kita-pondorf.de\/index.php?rest_route=\/wp\/v2\/types\/page"}],"author":[{"embeddable":true,"href":"https:\/\/kita-pondorf.de\/index.php?rest_route=\/wp\/v2\/users\/5"}],"replies":[{"embeddable":true,"href":"https:\/\/kita-pondorf.de\/index.php?rest_route=%2Fwp%2Fv2%2Fcomments&post=1270"}],"version-history":[{"count":10,"href":"https:\/\/kita-pondorf.de\/index.php?rest_route=\/wp\/v2\/pages\/1270\/revisions"}],"predecessor-version":[{"id":1473,"href":"https:\/\/kita-pondorf.de\/index.php?rest_route=\/wp\/v2\/pages\/1270\/revisions\/1473"}],"up":[{"embeddable":true,"href":"https:\/\/kita-pondorf.de\/index.php?rest_route=\/wp\/v2\/pages\/20"}],"wp:featuredmedia":[{"embeddable":true,"href":"https:\/\/kita-pondorf.de\/index.php?rest_route=\/wp\/v2\/media\/874"}],"wp:attachment":[{"href":"https:\/\/kita-pondorf.de\/index.php?rest_route=%2Fwp%2Fv2%2Fmedia&parent=1270"}],"curies":[{"name":"wp","href":"https:\/\/api.w.org\/{rel}","templated":true}]}}