{"id":116,"date":"2020-08-25T11:50:19","date_gmt":"2020-08-25T11:50:19","guid":{"rendered":"https:\/\/kita-pondorf.de\/?page_id=116"},"modified":"2026-01-08T06:50:58","modified_gmt":"2026-01-08T06:50:58","slug":"gebuehrensatzung","status":"publish","type":"page","link":"https:\/\/kita-pondorf.de\/?page_id=116","title":{"rendered":"Download-Bereich"},"content":{"rendered":"\n<p>\u00c4nderungen unter Vorbehalt!<\/p>\n\n\n\n<div class=\"wp-block-columns are-vertically-aligned-center is-layout-flex wp-container-core-columns-is-layout-9d6595d7 wp-block-columns-is-layout-flex\">\n<div class=\"wp-block-column is-vertically-aligned-center is-layout-flow wp-block-column-is-layout-flow\" style=\"flex-basis:100%\">\n<div class=\"wp-block-columns is-layout-flex wp-container-core-columns-is-layout-9d6595d7 wp-block-columns-is-layout-flex\">\n<div class=\"wp-block-column is-layout-flow wp-block-column-is-layout-flow\" style=\"flex-basis:100%\">\n<div class=\"wp-block-columns is-layout-flex wp-container-core-columns-is-layout-9d6595d7 wp-block-columns-is-layout-flex\">\n<div class=\"wp-block-column is-layout-flow wp-block-column-is-layout-flow\" style=\"flex-basis:100%\">\n<figure class=\"wp-block-table is-style-stripes has-medium-font-size\"><table><tbody><tr><td class=\"has-text-align-left\" data-align=\"left\"><strong>Geb\u00fchrensatzung f\u00fcr die Kindertageseinrichtungen der Gemeinde Kirchroth<\/strong><\/td><td><\/td><td><a href=\"https:\/\/kita-pondorf.de\/wp-content\/uploads\/2022\/09\/Gebuehrensatzung.pdf\">Geb\u00fchrensatzung<\/a><\/td><\/tr><tr><td class=\"has-text-align-left\" data-align=\"left\"><strong>Satzung \u00fcber die Benutzung der Kindertageseinrichtungen der Gemeinde Kirchroth<\/strong><\/td><td><\/td><td><a href=\"https:\/\/kita-pondorf.de\/wp-content\/uploads\/2022\/02\/KitaS-1.pdf\">Kita Satzung <\/a><\/td><\/tr><tr><td class=\"has-text-align-left\" data-align=\"left\"><\/td><td><\/td><td><\/td><\/tr><tr><td class=\"has-text-align-left\" data-align=\"left\"><strong>Einrichtungskonzeption <\/strong><\/td><td><\/td><td><a href=\"https:\/\/kita-pondorf.de\/wp-content\/uploads\/2025\/11\/Konzeption-Sept.-25.pdf\">Konzeption Sept. 25<\/a><\/td><\/tr><tr><td class=\"has-text-align-left\" data-align=\"left\"><\/td><td><\/td><td><\/td><\/tr><tr><td class=\"has-text-align-left\" data-align=\"left\"><strong>Schutzkonzept der Kita Donaukids <\/strong><\/td><td><\/td><td><a href=\"https:\/\/kita-pondorf.de\/wp-content\/uploads\/2024\/05\/Kinderschutzkonzept-Pondorf-Stand-2024.pdf\">Kinderschutzkonzept<\/a><\/td><\/tr><tr><td class=\"has-text-align-left\" data-align=\"left\"><strong>Schutzkonzept Naturgruppe <\/strong><\/td><td><\/td><td><a href=\"https:\/\/kita-pondorf.de\/wp-content\/uploads\/2025\/06\/Schutzkonzept-Naturgruppe-Pondorf.pdf\">Schutzkonzept Naturgruppe <\/a><\/td><\/tr><tr><td class=\"has-text-align-left\" data-align=\"left\"><\/td><td><\/td><td><\/td><\/tr><tr><td class=\"has-text-align-left\" data-align=\"left\"><\/td><td><\/td><td><\/td><\/tr><tr><td class=\"has-text-align-left\" data-align=\"left\"><strong>Schlie\u00dftageplan<\/strong><\/td><td><\/td><td><a href=\"https:\/\/kita-pondorf.de\/wp-content\/uploads\/2025\/09\/Schliesstageplan-Eltern.pdf\">Schlie\u00dftageplan 2026<\/a><\/td><\/tr><tr><td class=\"has-text-align-left\" data-align=\"left\"><\/td><td><\/td><td><\/td><\/tr><tr><td class=\"has-text-align-left\" data-align=\"left\"><strong>Formblatt f\u00fcr eine Buchungszeiten\u00e4nderung<\/strong><\/td><td><\/td><td><a href=\"https:\/\/kita-pondorf.de\/wp-content\/uploads\/2025\/06\/Antrag-auf-Buchungszeitenaenderung-Kigas-2024.pdf\">Buchungszeiten\u00e4nderung <\/a><\/td><\/tr><tr><td class=\"has-text-align-left\" data-align=\"left\"><strong>Formblatt f\u00fcr Mittagsverpflegung<\/strong><\/td><td><\/td><td><a href=\"https:\/\/kita-pondorf.de\/wp-content\/uploads\/2025\/06\/Mittagessen-Vertrag-NEU.pdf\">Mittagessensvertrag <\/a><\/td><\/tr><tr><td class=\"has-text-align-left\" data-align=\"left\"><strong>Formblatt f\u00fcr die K\u00fcndigung des Betreuungsvertrages <\/strong><\/td><td><\/td><td><a href=\"https:\/\/kita-pondorf.de\/wp-content\/uploads\/2025\/06\/Formblatt-Kuendigung-Betreuungsplatz.pdf\">K\u00fcndigung Betreuungsplatz<\/a><\/td><\/tr><tr><td class=\"has-text-align-left\" data-align=\"left\"><\/td><td><\/td><td><\/td><\/tr><tr><td class=\"has-text-align-left\" data-align=\"left\"><strong>Datenschutz<\/strong><\/td><td><\/td><td><a href=\"https:\/\/kita-pondorf.de\/wp-content\/uploads\/2025\/09\/Datenschutz-Einwilligungserklaerung-NEU.pdf\">Datenschutz<\/a><\/td><\/tr><tr><td class=\"has-text-align-left\" data-align=\"left\"><strong>Vollmacht <\/strong><\/td><td><\/td><td><a href=\"https:\/\/kita-pondorf.de\/wp-content\/uploads\/2025\/06\/Formblatt-Vollmacht.pdf\">Vollmacht<\/a><\/td><\/tr><tr><td class=\"has-text-align-left\" data-align=\"left\"><\/td><td><\/td><td><\/td><\/tr><tr><td class=\"has-text-align-left\" data-align=\"left\"><strong>Wiederzulassungstabelle nach Krankheit <\/strong><\/td><td><\/td><td><a href=\"https:\/\/kita-pondorf.de\/wp-content\/uploads\/2025\/04\/Wiederzulassungstabelle-nach-Empfehlung-des-RKI.pdf\">Wiederzulassungstabelle <\/a><\/td><\/tr><tr><td class=\"has-text-align-left\" data-align=\"left\"><\/td><td><\/td><td><\/td><\/tr><tr><td class=\"has-text-align-left\" data-align=\"left\"><strong>Ablauf der Eingew\u00f6hnung <\/strong><\/td><td><\/td><td><a href=\"https:\/\/kita-pondorf.de\/wp-content\/uploads\/2025\/04\/Flyer-zur-Eingewoehnung-Kita-DonauKids-23.pdf\">Eingew\u00f6hnungsflyer<\/a><\/td><\/tr><\/tbody><\/table><\/figure>\n<\/div>\n<\/div>\n<\/div>\n<\/div>\n<\/div>\n\n\n\n<div class=\"wp-block-column is-layout-flow wp-block-column-is-layout-flow\"><\/div>\n<\/div>\n","protected":false},"excerpt":{"rendered":"<p>\u00c4nderungen unter Vorbehalt! Geb\u00fchrensatzung f\u00fcr die Kindertageseinrichtungen der Gemeinde Kirchroth Geb\u00fchrensatzung Satzung \u00fcber die Benutzung der Kindertageseinrichtungen der Gemeinde Kirchroth Kita Satzung Einrichtungskonzeption Konzeption Sept. 25 Schutzkonzept der Kita Donaukids Kinderschutzkonzept Schutzkonzept Naturgruppe Schutzkonzept Naturgruppe Schlie\u00dftageplan Schlie\u00dftageplan 2026 Formblatt f\u00fcr eine Buchungszeiten\u00e4nderung Buchungszeiten\u00e4nderung Formblatt f\u00fcr Mittagsverpflegung Mittagessensvertrag Formblatt f\u00fcr die K\u00fcndigung des Betreuungsvertrages K\u00fcndigung Betreuungsplatz [&hellip;]<\/p>\n","protected":false},"author":1,"featured_media":266,"parent":0,"menu_order":0,"comment_status":"closed","ping_status":"closed","template":"","meta":{"footnotes":""},"class_list":["post-116","page","type-page","status-publish","has-post-thumbnail","hentry"],"featured_image_src":"https:\/\/kita-pondorf.de\/wp-content\/uploads\/2021\/09\/RemoteMediaFile_6619369_0_2021_08_19_16_43_22-600x360.jpg","featured_image_src_square":"https:\/\/kita-pondorf.de\/wp-content\/uploads\/2021\/09\/RemoteMediaFile_6619369_0_2021_08_19_16_43_22-600x360.jpg","_links":{"self":[{"href":"https:\/\/kita-pondorf.de\/index.php?rest_route=\/wp\/v2\/pages\/116","targetHints":{"allow":["GET"]}}],"collection":[{"href":"https:\/\/kita-pondorf.de\/index.php?rest_route=\/wp\/v2\/pages"}],"about":[{"href":"https:\/\/kita-pondorf.de\/index.php?rest_route=\/wp\/v2\/types\/page"}],"author":[{"embeddable":true,"href":"https:\/\/kita-pondorf.de\/index.php?rest_route=\/wp\/v2\/users\/1"}],"replies":[{"embeddable":true,"href":"https:\/\/kita-pondorf.de\/index.php?rest_route=%2Fwp%2Fv2%2Fcomments&post=116"}],"version-history":[{"count":44,"href":"https:\/\/kita-pondorf.de\/index.php?rest_route=\/wp\/v2\/pages\/116\/revisions"}],"predecessor-version":[{"id":1531,"href":"https:\/\/kita-pondorf.de\/index.php?rest_route=\/wp\/v2\/pages\/116\/revisions\/1531"}],"wp:featuredmedia":[{"embeddable":true,"href":"https:\/\/kita-pondorf.de\/index.php?rest_route=\/wp\/v2\/media\/266"}],"wp:attachment":[{"href":"https:\/\/kita-pondorf.de\/index.php?rest_route=%2Fwp%2Fv2%2Fmedia&parent=116"}],"curies":[{"name":"wp","href":"https:\/\/api.w.org\/{rel}","templated":true}]}}