{"id":105,"date":"2020-08-25T11:39:10","date_gmt":"2020-08-25T11:39:10","guid":{"rendered":"https:\/\/kita-pondorf.de\/?page_id=105"},"modified":"2025-09-17T07:30:55","modified_gmt":"2025-09-17T07:30:55","slug":"hausordnung","status":"publish","type":"page","link":"https:\/\/kita-pondorf.de\/?page_id=105","title":{"rendered":"Hausordnung"},"content":{"rendered":"\n<p>f\u00fcr die Kindertagesst\u00e4tte DonauKids Pondorf<\/p>\n\n\n\n<p>Hier die Hausordnung <strong>zum Download:<\/strong><\/p>\n\n\n\n<p><a href=\"https:\/\/kita-pondorf.de\/wp-content\/uploads\/2025\/04\/Hausordnung-23-1.pdf\"><strong>Hausordnung Kita DonauKids <\/strong><\/a><\/p>\n\n\n\n<p><strong>Anschrift:<\/strong><br>Kita DonauKids Pondorf<br>Benedikt Stra\u00dfe 22a<br>94356 Kirchroth<\/p>\n\n\n\n<p><br><strong>Kindergarten:<\/strong><br>Tel: 09428\/94 799-0<br>E-Mail: info@kita-pondorf.de \/ leitung@kita-pondorf.de<\/p>\n\n\n\n<p><strong>Tr\u00e4ger der Einrichtung:<\/strong><br>Gemeinde Kirchroth<\/p>\n\n\n\n<p><strong>Zugrundeliegendes Gesetz:<\/strong><br>Bayerisches Gesetz zur Bildung, Erziehung und Betreuung von Kindern in Kinderg\u00e4rten, anderen Kindertageseinrichtungen und in Tagespflege<br>(Bayerisches Kinderbildungs- und -betreuungsgesetz \u2013 BayKiBiG)<br>Vom 8. Juli 2005<\/p>\n\n\n\n<p><strong>Einrichtungsleitung<\/strong>:<br>Sandra Wolf<\/p>\n\n\n\n<p><strong>Aufnahmegrunds\u00e4tze<\/strong><br>Kinder, die bis Januar das 3. Lebensjahr vollenden, werden ab September in den Kindergarten aufgenommen.<\/p>\n\n\n\n<p>Aufgenommen werden somit Kinder vom vollendeten 3. Lebensjahr bis zum Schuleintritt.<\/p>\n\n\n\n<p>Die Anmeldung erfolgt seit 2023 \u00fcber das Online-Portal der Gemeinde Kirchroth.<\/p>\n\n\n\n<p>Bei einer K\u00fcndigung des Betreuungsverh\u00e4ltnisses muss eine Abmeldung, schriftlich entsprechend der g\u00fcltigen K\u00fcndigungsfrist bei der Leiterin erfolgen.<\/p>\n\n\n\n<p>Bei Neuaufnahme eines Kindes muss das U-Heft oder die Teilnahmekarte, sowie der Impfpass mit dem aktuellen Stand vorgelegt werden.<\/p>\n\n\n\n<p>An- und Abmeldungen treten jeweils zum 1. eines Monats in Kraft.<\/p>\n\n\n\n<p>Buchungszeiten\u00e4nderungen m\u00fcssen schriftlich mit dem vorgefertigten Formular bis Mitte eines Monats eingereicht werden. Die \u00c4nderung tritt dann im darauffolgenden Monat in Kraft.<\/p>\n\n\n\n<p><strong>Wichtiges zur Aufnahme<\/strong><\/p>\n\n\n\n<p>Die Kinder m\u00fcssen bis 8.00 Uhr in der Einrichtung sein, da hier die p\u00e4dagogische Kernzeit beginnt. Abgeholt werden k\u00f6nnen die Kinder ab 12.00 Uhr nach der p\u00e4dagogischen Kernzeit. Ein Bringen und Abholen w\u00e4hrend der p\u00e4dagogischen Kernzeit ist nur in begr\u00fcndeten Ausnahmef\u00e4llen m\u00f6glich (z.B. Therapie).<br>Bei wiederholten Verst\u00f6\u00dfen (zu fr\u00fch, zu sp\u00e4t kommen) kann der Betreuungsvertrag seitens der Einrichtung gek\u00fcndigt werden siehe Allgemeine Bestimmungen.<\/p>\n\n\n\n<p>Die gew\u00e4hlte Buchungszeit muss eingehalten werden. Wenn Ihre Buchungszeit 7.30 Uhr bis 13.00 Uhr betr\u00e4gt, d\u00fcrfen die Kinder auch erst um 7.30 Uhr kommen und um 13.00 Uhr muss das Haus verlassen werden. Das An- und Ausziehen, sowie die T\u00fcr- und Angelgespr\u00e4che geh\u00f6ren zur Buchungszeit.<\/p>\n\n\n\n<p>Ist der Besuch der Einrichtung wegen Krankheit oder aus anderen Gr\u00fcnden nicht m\u00f6glich, muss das Kind bis 8.00 Uhr im Kindergarten abgemeldet werden.<\/p>\n\n\n\n<p>Die Eingew\u00f6hnung erfolgt nach dem sogenannten Berliner Modell und wird dann auf das Kind bezogen individuell weitergef\u00fchrt.<\/p>\n\n\n\n<p>Hospitationen im Gruppenalltag sind jederzeit nach Absprache mit der Gruppenleitung m\u00f6glich.<\/p>\n\n\n\n<p><strong>\u00d6ffnungszeiten<\/strong><\/p>\n\n\n\n<p>Die Kindertagesst\u00e4tte hat folgende \u00d6ffnungszeiten:<br>Montag: 7.00 Uhr \u2013 16.00 Uhr<br>Dienstag: 7.00 Uhr \u2013 16.00 Uhr<br>Mittwoch: 7.00 Uhr \u2013 16.00 Uhr<br>Donnerstag: 7.00 Uhr \u2013 13.30 Uhr<br>Freitag: 7.00 Uhr \u2013 13.30 Uhr<\/p>\n\n\n\n<p><strong>Gruppenaufteilung<\/strong><\/p>\n\n\n\n<p>Die Gruppenst\u00e4rke betr\u00e4gt im Kindergarten in der Regel bis max. 25 Kinder. Es werden, wenn m\u00f6glich, altersgemischte Gruppen zusammengestellt, die von jeweils zwei oder auch drei p\u00e4dagogischen Fachkr\u00e4ften im Kindergarten betreut werden. <\/p>\n\n\n\n<p><strong>Versicherungsschutz im Kindergarten<\/strong><\/p>\n\n\n\n<p>Alle Kinder der Einrichtung sind w\u00e4hrend der vereinbarten Betreuungszeit \u00fcber den Tr\u00e4ger gesetzlich beim Gemeindeunfallverband (GUV) unfallversichert. Der Tr\u00e4ger ist im Besitz einer Haftpflichtversicherung f\u00fcr Sachsch\u00e4den, die den Kindern w\u00e4hrend der Betreuungszeit entstehen k\u00f6nnten.<\/p>\n\n\n\n<p><strong>Regelungen zur Sicherheit der Kinder<\/strong><\/p>\n\n\n\n<p>Die Aufsichtspflicht der p\u00e4dagogischen Fachkr\u00e4fte der Einrichtung beginnt mit der pers\u00f6nlichen \u00dcbergabe des Kindes von einem Erziehungsberechtigten oder dessen Beauftragten an die Erzieherin und endet mit der \u00dcbergabe des Kindes durch die Erzieherin an einen Erziehungsberechtigten bzw. dessen Beauftragten gem\u00e4\u00df schriftlicher Erkl\u00e4rung. Die Aufsichtspflicht durch das p\u00e4dagogische Personal gilt nur innerhalb der vereinbarten Betreuungszeit.<br>Bei Festen und Feiern obliegt die Aufsicht grunds\u00e4tzlich den Eltern.<\/p>\n\n\n\n<p>Kinder d\u00fcrfen nur von Erwachsenen ab einem Alter von 18 Jahren abgeholt werden.<\/p>\n\n\n\n<p>Das Abholen der Kinder durch Dritte erfolgt nur, wenn eine Dauervollmacht der Erziehungsberechtigten vorliegt.<\/p>\n\n\n\n<p>F\u00fcr abgestellte Fahrzeuge der Kinder sowie mitgebrachte Spielsachen und Tontr\u00e4ger wird seitens der Einrichtung keine Haftung \u00fcbernommen.<\/p>\n\n\n\n<p>Die Eltern der zu betreuenden Kinder tragen Sorge daf\u00fcr, dass im Kindergarten alle Kleidungsst\u00fccke der Kinder frei sind von Kordeln, Schn\u00fcren, Knoten oder Kunststoffstoppern an Kapuzen usw., da diese eine hohe Gefahr f\u00fcr die Gesundheit und das Wohl der Kinder darstellen.<\/p>\n\n\n\n<p><strong>Hygienische Bestimmungen<\/strong><\/p>\n\n\n\n<p>Auftretende Krankheitssymptome bei den Kindern sind von den Erziehungsberechtigten den Mitarbeitern der Kindertagesst\u00e4tte mitzuteilen und umgekehrt.<\/p>\n\n\n\n<p>Bei meldepflichtigen Infektionskrankheiten innerhalb der Familie ist die Einrichtung entsprechend des Infektionsschutzgesetzes umgehend zu informieren.<\/p>\n\n\n\n<p>Nach \u00fcberstandener Infektionskrankheit muss eine \u00e4rztliche Unbedenklichkeitsbescheinigung zur Wiederaufnahme in die Kindertagesst\u00e4tte vorgelegt werden. Die Leiterin der Einrichtung kann zur Sicherheit und im Interesse aller Kinder auf eine \u00e4rztliche Bescheinigung bestehen bei z.B. langanhaltenden Durchfallerkrankungen oder auffallend h\u00e4ufig auftretenden gleichen Symptomen usw.<\/p>\n\n\n\n<p>Medikamente werden in der Regel im Kindergarten nicht verabreicht. Ausnahmen sind Medikamente f\u00fcr chronisch kranke Kinder und Medikamente, die nach Genesung des Kindes noch zu Ende eingenommen werden m\u00fcssen. Voraussetzungen f\u00fcr die Verabreichung von Medikamenten im Kindergarten sind:<\/p>\n\n\n\n<ol class=\"wp-block-list\">\n<li>schriftliche Bescheinigung vom Arzt \u00fcber Art und Dauer der Anwendung sowie Dosierung und evtl. Nebenwirkungen der Medizin<\/li>\n\n\n\n<li>Name des Kindes auf der Verpackung<\/li>\n<\/ol>\n\n\n\n<p><strong>Allgemeine Bestimmungen<\/strong><\/p>\n\n\n\n<p>In den Gruppenr\u00e4umen tragen die Kindergartenkinder Hausschuhe.<\/p>\n\n\n\n<p>Im Kindergarten gibt es die gleitende Brotzeit, d.h., die Kinder entscheiden selbst, wann sie Brotzeit essen m\u00f6chten.<br>Die Brotzeit muss von den Eltern mitgegeben werden. Das Mittagessen wird vom BRK Mitterfels geliefert und die Anmeldung erfolgt \u00fcber einen schriftlichen Vertrag, der bei der Leiterin der Einrichtung abgeschlossen werden kann. Das Mittagessen wird t\u00e4glich zu festen Zeiten in der K\u00fcche eingenommen.  <\/p>\n\n\n\n<p>Die Kinder trinken aus Trinkflaschen, diese m\u00fcssen von zu Hause mitgebracht werden. Die Flaschen werden vom Personal wiederaufgef\u00fcllt.<\/p>\n\n\n\n<p>Die Erziehungsberechtigten sorgen daf\u00fcr, dass die Kinder witterungsgerechte Kleidung tragen (Stiefel, Handschuh, M\u00fctze, kurze Hose \u2026).<\/p>\n\n\n\n<p>Die Leiterin und die Erzieherinnen stehen den Erziehungsberechtigten als st\u00e4ndiger Berater zur Verf\u00fcgung. Die Gespr\u00e4che finden im Kindergarten statt.<\/p>\n\n\n\n<p>S\u00e4mtliche Informationen, Aush\u00e4nge, Flugbl\u00e4tter, Angebote, Veranstaltungshinweise bed\u00fcrfen vor der Ver\u00f6ffentlichung in der Kindertagesst\u00e4tte der Kenntnisnahme und der Zustimmung der Leitung der Einrichtung.<br>Die Einrichtung ist in Absprache mit dem Tr\u00e4ger berechtigt 30 Schlie\u00dftage f\u00fcr ein Kalenderjahr festzulegen. Diese werden im Oktober f\u00fcr das kommende Jahr bekannt gegeben. F\u00fcr Teamfortbildungen kann die Einrichtung zus\u00e4tzlich bis zu 5 Tage geschlossen bleiben.<\/p>\n\n\n\n<p>Der Betreuungsvertrag zwischen den Erziehungsberechtigten des Kindes und der Kindertagesst\u00e4tte DonauKids, sowie die Konzeption der Einrichtung, sind Bestandteil dieser Hausordnung.<\/p>\n\n\n\n<p>\u00c4nderungen bei der Adresse oder der Telefonnummern m\u00fcssen unverz\u00fcglich mitgeteilt werden.<\/p>\n\n\n\n<p>Auf dem ganzen Kitagel\u00e4nde herrscht absolutes Rauchverbot.<\/p>\n\n\n\n<p>Tiere m\u00fcssen vor der Haust\u00fcre warten.<\/p>\n\n\n\n<p>Das Elternpostfach bzw. die Email oder die Kita-App der Eltern muss t\u00e4glich \u00fcberpr\u00fcft und eventuelle Post mit nach Hause genommen werden.<\/p>\n\n\n\n<p>Mit s\u00e4mtlichen Inventar ist sorgsam umzugehen.<\/p>\n\n\n\n<p>Erziehungsberechtigte und abholberechtigte Personen m\u00fcssen sich in der Einrichtung an folgende Regeln halten:<br>Angemessene Kleidung, d.h. Hose und Oberteil, sowie Schuhe (Hygiene)<br>Angemessene Lautst\u00e4rke, d.h. kein Schreien oder laute Unterhaltung<br>Angemessene Ausdrucksweise, d.h. keine Schimpfw\u00f6rter oder \u00c4hnliches<br>Der Kindergarderobenplatz muss beim Abholen sauber verlassen werden, d.h. Matschhosen aufh\u00e4ngen\/aufh\u00e4ngen lassen, Hausschuhe hochstellen\/hochstellen lassen.<br>Mitgebrachtes Spielzeug muss am gleichen Tag wieder mit nach Hause genommen werden.<\/p>\n\n\n\n<p><strong>Das Haus- und Weisungsrecht obliegt der Leiterin der Einrichtung.<\/strong><\/p>\n\n\n\n<p><strong>Bei wiederholten Verst\u00f6\u00dfen kann der Betreuungsvertrag seitens der Kindertagesst\u00e4tte gek\u00fcndigt werden.<\/strong><\/p>\n","protected":false},"excerpt":{"rendered":"<p>f\u00fcr die Kindertagesst\u00e4tte DonauKids Pondorf Hier die Hausordnung zum Download: Hausordnung Kita DonauKids Anschrift:Kita DonauKids PondorfBenedikt Stra\u00dfe 22a94356 Kirchroth Kindergarten:Tel: 09428\/94 799-0E-Mail: info@kita-pondorf.de \/ leitung@kita-pondorf.de Tr\u00e4ger der Einrichtung:Gemeinde Kirchroth Zugrundeliegendes Gesetz:Bayerisches Gesetz zur Bildung, Erziehung und Betreuung von Kindern in Kinderg\u00e4rten, anderen Kindertageseinrichtungen und in Tagespflege(Bayerisches Kinderbildungs- und -betreuungsgesetz \u2013 BayKiBiG)Vom 8. Juli 2005 Einrichtungsleitung:Sandra [&hellip;]<\/p>\n","protected":false},"author":1,"featured_media":266,"parent":0,"menu_order":0,"comment_status":"closed","ping_status":"closed","template":"","meta":{"footnotes":""},"class_list":["post-105","page","type-page","status-publish","has-post-thumbnail","hentry"],"featured_image_src":"https:\/\/kita-pondorf.de\/wp-content\/uploads\/2021\/09\/RemoteMediaFile_6619369_0_2021_08_19_16_43_22-600x360.jpg","featured_image_src_square":"https:\/\/kita-pondorf.de\/wp-content\/uploads\/2021\/09\/RemoteMediaFile_6619369_0_2021_08_19_16_43_22-600x360.jpg","_links":{"self":[{"href":"https:\/\/kita-pondorf.de\/index.php?rest_route=\/wp\/v2\/pages\/105","targetHints":{"allow":["GET"]}}],"collection":[{"href":"https:\/\/kita-pondorf.de\/index.php?rest_route=\/wp\/v2\/pages"}],"about":[{"href":"https:\/\/kita-pondorf.de\/index.php?rest_route=\/wp\/v2\/types\/page"}],"author":[{"embeddable":true,"href":"https:\/\/kita-pondorf.de\/index.php?rest_route=\/wp\/v2\/users\/1"}],"replies":[{"embeddable":true,"href":"https:\/\/kita-pondorf.de\/index.php?rest_route=%2Fwp%2Fv2%2Fcomments&post=105"}],"version-history":[{"count":10,"href":"https:\/\/kita-pondorf.de\/index.php?rest_route=\/wp\/v2\/pages\/105\/revisions"}],"predecessor-version":[{"id":1476,"href":"https:\/\/kita-pondorf.de\/index.php?rest_route=\/wp\/v2\/pages\/105\/revisions\/1476"}],"wp:featuredmedia":[{"embeddable":true,"href":"https:\/\/kita-pondorf.de\/index.php?rest_route=\/wp\/v2\/media\/266"}],"wp:attachment":[{"href":"https:\/\/kita-pondorf.de\/index.php?rest_route=%2Fwp%2Fv2%2Fmedia&parent=105"}],"curies":[{"name":"wp","href":"https:\/\/api.w.org\/{rel}","templated":true}]}}